{"id":1006648,"date":"2025-02-17T15:31:02","date_gmt":"2025-02-17T15:31:02","guid":{"rendered":"https:\/\/dev.person-und-raum.de\/?page_id=1006648"},"modified":"2025-02-17T17:39:15","modified_gmt":"2025-02-17T17:39:15","slug":"agb","status":"publish","type":"page","link":"https:\/\/dev.person-und-raum.de\/index.php\/agb\/","title":{"rendered":"AGB"},"content":{"rendered":"\t\t<div data-elementor-type=\"wp-page\" data-elementor-id=\"1006648\" class=\"elementor elementor-1006648\">\n\t\t\t\t<div class=\"elementor-element elementor-element-2e59cd68 e-grid e-con-boxed e-con e-parent\" data-id=\"2e59cd68\" data-element_type=\"container\" data-e-type=\"container\" data-settings=\"{&quot;background_background&quot;:&quot;gradient&quot;}\">\n\t\t\t\t\t<div class=\"e-con-inner\">\n\t\t\t\t<div class=\"elementor-element elementor-element-2ce9c2e4 elementor-widget elementor-widget-heading\" data-id=\"2ce9c2e4\" data-element_type=\"widget\" data-e-type=\"widget\" data-widget_type=\"heading.default\">\n\t\t\t\t<div class=\"elementor-widget-container\">\n\t\t\t\t\t<h2 class=\"elementor-heading-title elementor-size-default\">Agentur Person &amp; Raum<\/h2>\t\t\t\t<\/div>\n\t\t\t\t<\/div>\n\t\t\t\t<div class=\"elementor-element elementor-element-64407fe5 elementor-widget elementor-widget-image\" data-id=\"64407fe5\" data-element_type=\"widget\" data-e-type=\"widget\" data-widget_type=\"image.default\">\n\t\t\t\t<div class=\"elementor-widget-container\">\n\t\t\t\t\t\t\t\t\t\t\t\t\t\t\t<img decoding=\"async\" width=\"150\" height=\"150\" src=\"https:\/\/dev.person-und-raum.de\/wp-content\/uploads\/2017\/10\/Logo_PR-150x150.jpg\" class=\"attachment-thumbnail size-thumbnail wp-image-38\" alt=\"Person &amp; Raum - Die Agentur\" srcset=\"https:\/\/dev.person-und-raum.de\/wp-content\/uploads\/2017\/10\/Logo_PR-150x150.jpg 150w, https:\/\/dev.person-und-raum.de\/wp-content\/uploads\/2017\/10\/Logo_PR.jpg 178w\" sizes=\"(max-width: 150px) 100vw, 150px\" \/>\t\t\t\t\t\t\t\t\t\t\t\t\t\t\t<\/div>\n\t\t\t\t<\/div>\n\t\t\t\t\t<\/div>\n\t\t\t\t<\/div>\n\t\t<div class=\"elementor-element elementor-element-7c3142b e-flex e-con-boxed e-con e-parent\" data-id=\"7c3142b\" data-element_type=\"container\" data-e-type=\"container\">\n\t\t\t\t\t<div class=\"e-con-inner\">\n\t\t\t\t<div class=\"elementor-element elementor-element-d52b447 elementor-widget elementor-widget-spacer\" data-id=\"d52b447\" data-element_type=\"widget\" data-e-type=\"widget\" data-widget_type=\"spacer.default\">\n\t\t\t\t<div class=\"elementor-widget-container\">\n\t\t\t\t\t\t\t<div class=\"elementor-spacer\">\n\t\t\t<div class=\"elementor-spacer-inner\"><\/div>\n\t\t<\/div>\n\t\t\t\t\t\t<\/div>\n\t\t\t\t<\/div>\n\t\t\t\t\t<\/div>\n\t\t\t\t<\/div>\n\t\t<div class=\"elementor-element elementor-element-76b9ceb4 e-grid e-con-boxed e-con e-parent\" data-id=\"76b9ceb4\" data-element_type=\"container\" data-e-type=\"container\">\n\t\t\t\t\t<div class=\"e-con-inner\">\n\t\t\t\t<div class=\"elementor-element elementor-element-6f38aa06 elementor-align-justify elementor-widget elementor-widget-button\" data-id=\"6f38aa06\" data-element_type=\"widget\" data-e-type=\"widget\" data-widget_type=\"button.default\">\n\t\t\t\t<div class=\"elementor-widget-container\">\n\t\t\t\t\t\t\t\t\t<div class=\"elementor-button-wrapper\">\n\t\t\t\t\t<a class=\"elementor-button elementor-button-link elementor-size-sm\" href=\"https:\/\/dev.person-und-raum.de\/\">\n\t\t\t\t\t\t<span class=\"elementor-button-content-wrapper\">\n\t\t\t\t\t\t\t\t\t<span class=\"elementor-button-text\">Startseite<\/span>\n\t\t\t\t\t<\/span>\n\t\t\t\t\t<\/a>\n\t\t\t\t<\/div>\n\t\t\t\t\t\t\t\t<\/div>\n\t\t\t\t<\/div>\n\t\t\t\t<div class=\"elementor-element elementor-element-b6da8d5 elementor-align-justify elementor-widget elementor-widget-button\" data-id=\"b6da8d5\" data-element_type=\"widget\" data-e-type=\"widget\" data-widget_type=\"button.default\">\n\t\t\t\t<div class=\"elementor-widget-container\">\n\t\t\t\t\t\t\t\t\t<div class=\"elementor-button-wrapper\">\n\t\t\t\t\t<a class=\"elementor-button elementor-button-link elementor-size-sm\" href=\"https:\/\/dev.person-und-raum.de\/index.php\/datenschutz\/\">\n\t\t\t\t\t\t<span class=\"elementor-button-content-wrapper\">\n\t\t\t\t\t\t\t\t\t<span class=\"elementor-button-text\">Datenschutzerkl\u00e4rung<\/span>\n\t\t\t\t\t<\/span>\n\t\t\t\t\t<\/a>\n\t\t\t\t<\/div>\n\t\t\t\t\t\t\t\t<\/div>\n\t\t\t\t<\/div>\n\t\t\t\t<div class=\"elementor-element elementor-element-48d99de5 elementor-align-justify elementor-widget elementor-widget-button\" data-id=\"48d99de5\" data-element_type=\"widget\" data-e-type=\"widget\" data-widget_type=\"button.default\">\n\t\t\t\t<div class=\"elementor-widget-container\">\n\t\t\t\t\t\t\t\t\t<div class=\"elementor-button-wrapper\">\n\t\t\t\t\t<a class=\"elementor-button elementor-button-link elementor-size-sm\" href=\"https:\/\/dev.person-und-raum.de\/index.php\/kontakt\/\">\n\t\t\t\t\t\t<span class=\"elementor-button-content-wrapper\">\n\t\t\t\t\t\t\t\t\t<span class=\"elementor-button-text\">Kontakt<\/span>\n\t\t\t\t\t<\/span>\n\t\t\t\t\t<\/a>\n\t\t\t\t<\/div>\n\t\t\t\t\t\t\t\t<\/div>\n\t\t\t\t<\/div>\n\t\t\t\t<div class=\"elementor-element elementor-element-46cfba6e elementor-align-justify elementor-widget elementor-widget-button\" data-id=\"46cfba6e\" data-element_type=\"widget\" data-e-type=\"widget\" data-widget_type=\"button.default\">\n\t\t\t\t<div class=\"elementor-widget-container\">\n\t\t\t\t\t\t\t\t\t<div class=\"elementor-button-wrapper\">\n\t\t\t\t\t<a class=\"elementor-button elementor-button-link elementor-size-sm\" href=\"https:\/\/dev.person-und-raum.de\/index.php\/impressum\/\">\n\t\t\t\t\t\t<span class=\"elementor-button-content-wrapper\">\n\t\t\t\t\t\t\t\t\t<span class=\"elementor-button-text\">Impressum<\/span>\n\t\t\t\t\t<\/span>\n\t\t\t\t\t<\/a>\n\t\t\t\t<\/div>\n\t\t\t\t\t\t\t\t<\/div>\n\t\t\t\t<\/div>\n\t\t\t\t\t<\/div>\n\t\t\t\t<\/div>\n\t\t<div class=\"elementor-element elementor-element-9916b3e e-flex e-con-boxed e-con e-parent\" data-id=\"9916b3e\" data-element_type=\"container\" data-e-type=\"container\">\n\t\t\t\t\t<div class=\"e-con-inner\">\n\t\t\t\t<div class=\"elementor-element elementor-element-8797cf8 elementor-widget elementor-widget-spacer\" data-id=\"8797cf8\" data-element_type=\"widget\" data-e-type=\"widget\" data-widget_type=\"spacer.default\">\n\t\t\t\t<div class=\"elementor-widget-container\">\n\t\t\t\t\t\t\t<div class=\"elementor-spacer\">\n\t\t\t<div class=\"elementor-spacer-inner\"><\/div>\n\t\t<\/div>\n\t\t\t\t\t\t<\/div>\n\t\t\t\t<\/div>\n\t\t\t\t\t<\/div>\n\t\t\t\t<\/div>\n\t\t<div class=\"elementor-element elementor-element-2eab202 e-flex e-con-boxed e-con e-parent\" data-id=\"2eab202\" data-element_type=\"container\" data-e-type=\"container\">\n\t\t\t\t\t<div class=\"e-con-inner\">\n\t\t\t\t<div class=\"elementor-element elementor-element-b774196 elementor-widget elementor-widget-heading\" data-id=\"b774196\" data-element_type=\"widget\" data-e-type=\"widget\" data-widget_type=\"heading.default\">\n\t\t\t\t<div class=\"elementor-widget-container\">\n\t\t\t\t\t<h2 class=\"elementor-heading-title elementor-size-default\">Allgemeine Gesch\u00e4ftsbedingungen<\/h2>\t\t\t\t<\/div>\n\t\t\t\t<\/div>\n\t\t\t\t\t<\/div>\n\t\t\t\t<\/div>\n\t\t<div class=\"elementor-element elementor-element-b4b0384 e-flex e-con-boxed e-con e-parent\" data-id=\"b4b0384\" data-element_type=\"container\" data-e-type=\"container\">\n\t\t\t\t\t<div class=\"e-con-inner\">\n\t\t\t\t<div class=\"elementor-element elementor-element-7f61d7d elementor-widget elementor-widget-text-editor\" data-id=\"7f61d7d\" data-element_type=\"widget\" data-e-type=\"widget\" data-widget_type=\"text-editor.default\">\n\t\t\t\t<div class=\"elementor-widget-container\">\n\t\t\t\t\t\t\t\t\t<p><strong>\u00a7 1 Geltungsbereich \/ Vertragspartner<\/strong><\/p><p>Auf der Grundlage dieser Allgemeinen Gesch\u00e4ftsbedingungen (AGB) kommt zwischen dem Kunden und der Agentur \u2013 Person &amp; Raum<\/p><p>vertreten durch Herrn J\u00fcrgen Hertrampf<\/p><p>Kesselsdorfer Str. 8<\/p><p>01737 Oberhermsdorf<\/p><p><span style=\"color: #0000ff;\"><a style=\"color: #0000ff;\" href=\"mailto:agentur@person-und-raum.de\">agentur@person-und-raum.de<\/a><\/span><\/p><p>nachfolgend Anbieter genannt, ein Vertrag zustande.<\/p><p>Im Einzelnen gelten die jeweiligen Gesch\u00e4ftsbedingungen der entsprechenden Gesch\u00e4ftszweige Versicherungen, Immobilien und Kunsthandel. Sie sind auf den entsprechenden Internetseiten einsehbar und gelten f\u00fcr die Vertr\u00e4ge der einzelnen Sparten.<\/p><p><strong>\u00a7 2 Sprache, Gerichtsstand und anzuwendendes Recht<\/strong><\/p><p>Alle Vertr\u00e4ge werden in Deutsch abgefasst. Die weitere Durchf\u00fchrung der Vertragsbeziehung erfolgt in Deutsch. Es findet ausschlie\u00dflich das Recht der Bundesrepublik Deutschland Anwendung. F\u00fcr Verbraucher gilt dies nur insoweit, als dadurch keine gesetzlichen Bestimmungen des Staates eingeschr\u00e4nkt werden, in dem der Kunde seinen Wohnsitz oder gew\u00f6hnlichen Aufenthalt hat. Der Gerichtsstand bei Streitigkeiten mit dem Kunden ist immer der Sitz des Anbieters.<\/p><p><strong>\u00a7 3 Verschiedenes, Salvatorische Klausel<\/strong><\/p><p>Die gesamte Webseite ist urheberrechtlich gesch\u00fctzt. Inhalte zu kopieren, auszudrucken, zu bearbeiten oder zu ver\u00f6ffentlichen ist nicht gestattet. Sollten wir dennoch davon Kenntnis erlangen werden wir zivil- und strafrechtlich dagegen vorgehen.<\/p><p>Wir \u00fcbernehmen keine Haftung bzw. Verantwortung f\u00fcr Inhalte auf Webseiten, auf die von unserer Webseite per Link verwiesen wird.<\/p><p>Die Europ\u00e4ische Kommission stellt eine Plattform zur Online-Streitbeilegung (OS) bereit, die Sie unter<span style=\"color: #0000ff;\">\u00a0<a style=\"color: #0000ff;\" href=\"http:\/\/ec.europa.eu\/consumers\/odr\/\">http:\/\/ec.europa.eu\/consumers\/odr\/<\/a><\/span>\u00a0finden.<\/p><p>Hinweis nach \u00a7 36 Abs. 1 Nr. 2 VSBG: Wir weisen Sie darauf hin, dass wir f\u00fcr eine Teilnahme an Streitbeilegungsverfahren vor einer Verbraucherschlichtungsstelle nicht zur Verf\u00fcgung stehen.<\/p><p>Die Unwirksamkeit einer oder mehrerer Bestimmungen dieser AGB hat keine Auswirkungen auf die Wirksamkeit der sonstigen Bestimmungen.<\/p><h4 class=\"entry-title\">Person &amp; Raum \u00a9 2021<\/h4>\t\t\t\t\t\t\t\t<\/div>\n\t\t\t\t<\/div>\n\t\t\t\t\t<\/div>\n\t\t\t\t<\/div>\n\t\t\t\t<\/div>\n\t\t","protected":false},"excerpt":{"rendered":"<p>Agentur Person &amp; Raum Startseite Datenschutzerkl\u00e4rung Kontakt Impressum Allgemeine Gesch\u00e4ftsbedingungen \u00a7 1 Geltungsbereich \/ Vertragspartner Auf der Grundlage dieser Allgemeinen Gesch\u00e4ftsbedingungen (AGB) kommt zwischen dem Kunden und der Agentur \u2013 Person &amp; Raum vertreten durch Herrn J\u00fcrgen Hertrampf Kesselsdorfer Str. 8 01737 Oberhermsdorf agentur@person-und-raum.de nachfolgend Anbieter genannt, ein Vertrag zustande. Im Einzelnen gelten die jeweiligen [&hellip;]<\/p>\n","protected":false},"author":1,"featured_media":0,"parent":0,"menu_order":0,"comment_status":"closed","ping_status":"closed","template":"","meta":{"footnotes":""},"class_list":["post-1006648","page","type-page","status-publish","hentry"],"_links":{"self":[{"href":"https:\/\/dev.person-und-raum.de\/index.php\/wp-json\/wp\/v2\/pages\/1006648","targetHints":{"allow":["GET"]}}],"collection":[{"href":"https:\/\/dev.person-und-raum.de\/index.php\/wp-json\/wp\/v2\/pages"}],"about":[{"href":"https:\/\/dev.person-und-raum.de\/index.php\/wp-json\/wp\/v2\/types\/page"}],"author":[{"embeddable":true,"href":"https:\/\/dev.person-und-raum.de\/index.php\/wp-json\/wp\/v2\/users\/1"}],"replies":[{"embeddable":true,"href":"https:\/\/dev.person-und-raum.de\/index.php\/wp-json\/wp\/v2\/comments?post=1006648"}],"version-history":[{"count":25,"href":"https:\/\/dev.person-und-raum.de\/index.php\/wp-json\/wp\/v2\/pages\/1006648\/revisions"}],"predecessor-version":[{"id":1006777,"href":"https:\/\/dev.person-und-raum.de\/index.php\/wp-json\/wp\/v2\/pages\/1006648\/revisions\/1006777"}],"wp:attachment":[{"href":"https:\/\/dev.person-und-raum.de\/index.php\/wp-json\/wp\/v2\/media?parent=1006648"}],"curies":[{"name":"wp","href":"https:\/\/api.w.org\/{rel}","templated":true}]}}