{"id":1006565,"date":"2025-02-17T11:42:31","date_gmt":"2025-02-17T11:42:31","guid":{"rendered":"https:\/\/dev.person-und-raum.de\/?page_id=1006565"},"modified":"2025-02-17T17:37:36","modified_gmt":"2025-02-17T17:37:36","slug":"datenschutz","status":"publish","type":"page","link":"https:\/\/dev.person-und-raum.de\/index.php\/datenschutz\/","title":{"rendered":"Datenschutz"},"content":{"rendered":"\t\t<div data-elementor-type=\"wp-page\" data-elementor-id=\"1006565\" class=\"elementor elementor-1006565\">\n\t\t\t\t<div class=\"elementor-element elementor-element-77db695 e-grid e-con-boxed e-con e-parent\" data-id=\"77db695\" data-element_type=\"container\" data-e-type=\"container\" data-settings=\"{&quot;background_background&quot;:&quot;gradient&quot;}\">\n\t\t\t\t\t<div class=\"e-con-inner\">\n\t\t\t\t<div class=\"elementor-element elementor-element-8df5ff5 elementor-widget elementor-widget-heading\" data-id=\"8df5ff5\" data-element_type=\"widget\" data-e-type=\"widget\" data-widget_type=\"heading.default\">\n\t\t\t\t<div class=\"elementor-widget-container\">\n\t\t\t\t\t<h2 class=\"elementor-heading-title elementor-size-default\">Agentur Person &amp; Raum<\/h2>\t\t\t\t<\/div>\n\t\t\t\t<\/div>\n\t\t\t\t<div class=\"elementor-element elementor-element-564ec73 elementor-widget elementor-widget-image\" data-id=\"564ec73\" data-element_type=\"widget\" data-e-type=\"widget\" data-widget_type=\"image.default\">\n\t\t\t\t<div class=\"elementor-widget-container\">\n\t\t\t\t\t\t\t\t\t\t\t\t\t\t\t<img decoding=\"async\" width=\"150\" height=\"150\" src=\"https:\/\/dev.person-und-raum.de\/wp-content\/uploads\/2017\/10\/Logo_PR-150x150.jpg\" class=\"attachment-thumbnail size-thumbnail wp-image-38\" alt=\"Person &amp; Raum - Die Agentur\" srcset=\"https:\/\/dev.person-und-raum.de\/wp-content\/uploads\/2017\/10\/Logo_PR-150x150.jpg 150w, https:\/\/dev.person-und-raum.de\/wp-content\/uploads\/2017\/10\/Logo_PR.jpg 178w\" sizes=\"(max-width: 150px) 100vw, 150px\" \/>\t\t\t\t\t\t\t\t\t\t\t\t\t\t\t<\/div>\n\t\t\t\t<\/div>\n\t\t\t\t\t<\/div>\n\t\t\t\t<\/div>\n\t\t<div class=\"elementor-element elementor-element-bf47b38 e-flex e-con-boxed e-con e-parent\" data-id=\"bf47b38\" data-element_type=\"container\" data-e-type=\"container\">\n\t\t\t\t\t<div class=\"e-con-inner\">\n\t\t\t\t<div class=\"elementor-element elementor-element-4093874 elementor-widget elementor-widget-spacer\" data-id=\"4093874\" data-element_type=\"widget\" data-e-type=\"widget\" data-widget_type=\"spacer.default\">\n\t\t\t\t<div class=\"elementor-widget-container\">\n\t\t\t\t\t\t\t<div class=\"elementor-spacer\">\n\t\t\t<div class=\"elementor-spacer-inner\"><\/div>\n\t\t<\/div>\n\t\t\t\t\t\t<\/div>\n\t\t\t\t<\/div>\n\t\t\t\t\t<\/div>\n\t\t\t\t<\/div>\n\t\t<div class=\"elementor-element elementor-element-3cb1b648 e-grid e-con-boxed e-con e-parent\" data-id=\"3cb1b648\" data-element_type=\"container\" data-e-type=\"container\">\n\t\t\t\t\t<div class=\"e-con-inner\">\n\t\t\t\t<div class=\"elementor-element elementor-element-2e939eba elementor-align-justify elementor-widget elementor-widget-button\" data-id=\"2e939eba\" data-element_type=\"widget\" data-e-type=\"widget\" data-widget_type=\"button.default\">\n\t\t\t\t<div class=\"elementor-widget-container\">\n\t\t\t\t\t\t\t\t\t<div class=\"elementor-button-wrapper\">\n\t\t\t\t\t<a class=\"elementor-button elementor-button-link elementor-size-sm\" href=\"https:\/\/dev.person-und-raum.de\/\">\n\t\t\t\t\t\t<span class=\"elementor-button-content-wrapper\">\n\t\t\t\t\t\t\t\t\t<span class=\"elementor-button-text\">Startseite<\/span>\n\t\t\t\t\t<\/span>\n\t\t\t\t\t<\/a>\n\t\t\t\t<\/div>\n\t\t\t\t\t\t\t\t<\/div>\n\t\t\t\t<\/div>\n\t\t\t\t<div class=\"elementor-element elementor-element-30a9b883 elementor-align-justify elementor-widget elementor-widget-button\" data-id=\"30a9b883\" data-element_type=\"widget\" data-e-type=\"widget\" data-widget_type=\"button.default\">\n\t\t\t\t<div class=\"elementor-widget-container\">\n\t\t\t\t\t\t\t\t\t<div class=\"elementor-button-wrapper\">\n\t\t\t\t\t<a class=\"elementor-button elementor-button-link elementor-size-sm\" href=\"https:\/\/dev.person-und-raum.de\/index.php\/kontakt\/\">\n\t\t\t\t\t\t<span class=\"elementor-button-content-wrapper\">\n\t\t\t\t\t\t\t\t\t<span class=\"elementor-button-text\">Kontakt<\/span>\n\t\t\t\t\t<\/span>\n\t\t\t\t\t<\/a>\n\t\t\t\t<\/div>\n\t\t\t\t\t\t\t\t<\/div>\n\t\t\t\t<\/div>\n\t\t\t\t<div class=\"elementor-element elementor-element-2e709ae6 elementor-align-justify elementor-widget elementor-widget-button\" data-id=\"2e709ae6\" data-element_type=\"widget\" data-e-type=\"widget\" data-widget_type=\"button.default\">\n\t\t\t\t<div class=\"elementor-widget-container\">\n\t\t\t\t\t\t\t\t\t<div class=\"elementor-button-wrapper\">\n\t\t\t\t\t<a class=\"elementor-button elementor-button-link elementor-size-sm\" href=\"https:\/\/dev.person-und-raum.de\/index.php\/agb\/\">\n\t\t\t\t\t\t<span class=\"elementor-button-content-wrapper\">\n\t\t\t\t\t\t\t\t\t<span class=\"elementor-button-text\">AGB<\/span>\n\t\t\t\t\t<\/span>\n\t\t\t\t\t<\/a>\n\t\t\t\t<\/div>\n\t\t\t\t\t\t\t\t<\/div>\n\t\t\t\t<\/div>\n\t\t\t\t<div class=\"elementor-element elementor-element-547657c2 elementor-align-justify elementor-widget elementor-widget-button\" data-id=\"547657c2\" data-element_type=\"widget\" data-e-type=\"widget\" data-widget_type=\"button.default\">\n\t\t\t\t<div class=\"elementor-widget-container\">\n\t\t\t\t\t\t\t\t\t<div class=\"elementor-button-wrapper\">\n\t\t\t\t\t<a class=\"elementor-button elementor-button-link elementor-size-sm\" href=\"https:\/\/dev.person-und-raum.de\/index.php\/impressum\/\">\n\t\t\t\t\t\t<span class=\"elementor-button-content-wrapper\">\n\t\t\t\t\t\t\t\t\t<span class=\"elementor-button-text\">Impressum<\/span>\n\t\t\t\t\t<\/span>\n\t\t\t\t\t<\/a>\n\t\t\t\t<\/div>\n\t\t\t\t\t\t\t\t<\/div>\n\t\t\t\t<\/div>\n\t\t\t\t\t<\/div>\n\t\t\t\t<\/div>\n\t\t<div class=\"elementor-element elementor-element-78ae424 e-flex e-con-boxed e-con e-parent\" data-id=\"78ae424\" data-element_type=\"container\" data-e-type=\"container\">\n\t\t\t\t\t<div class=\"e-con-inner\">\n\t\t\t\t<div class=\"elementor-element elementor-element-9265324 elementor-widget elementor-widget-spacer\" data-id=\"9265324\" data-element_type=\"widget\" data-e-type=\"widget\" data-widget_type=\"spacer.default\">\n\t\t\t\t<div class=\"elementor-widget-container\">\n\t\t\t\t\t\t\t<div class=\"elementor-spacer\">\n\t\t\t<div class=\"elementor-spacer-inner\"><\/div>\n\t\t<\/div>\n\t\t\t\t\t\t<\/div>\n\t\t\t\t<\/div>\n\t\t\t\t\t<\/div>\n\t\t\t\t<\/div>\n\t\t<div class=\"elementor-element elementor-element-a55a0c9 e-flex e-con-boxed e-con e-parent\" data-id=\"a55a0c9\" data-element_type=\"container\" data-e-type=\"container\">\n\t\t\t\t\t<div class=\"e-con-inner\">\n\t\t\t\t<div class=\"elementor-element elementor-element-fd6615e elementor-widget elementor-widget-heading\" data-id=\"fd6615e\" data-element_type=\"widget\" data-e-type=\"widget\" data-widget_type=\"heading.default\">\n\t\t\t\t<div class=\"elementor-widget-container\">\n\t\t\t\t\t<h2 class=\"elementor-heading-title elementor-size-default\">Datenschutzerkl\u00e4rung<\/h2>\t\t\t\t<\/div>\n\t\t\t\t<\/div>\n\t\t\t\t\t<\/div>\n\t\t\t\t<\/div>\n\t\t<div class=\"elementor-element elementor-element-d65e5aa e-flex e-con-boxed e-con e-parent\" data-id=\"d65e5aa\" data-element_type=\"container\" data-e-type=\"container\">\n\t\t\t\t\t<div class=\"e-con-inner\">\n\t\t\t\t<div class=\"elementor-element elementor-element-f29887d elementor-widget elementor-widget-text-editor\" data-id=\"f29887d\" data-element_type=\"widget\" data-e-type=\"widget\" data-widget_type=\"text-editor.default\">\n\t\t\t\t<div class=\"elementor-widget-container\">\n\t\t\t\t\t\t\t\t\t<p><strong>Ihre Anonymit\u00e4t ist uns wichtig, folglich bem\u00fchen wir uns, Ihre Daten bestm\u00f6glich zu sch\u00fctzen. Aus diesem Grund verzichten wir auf die Anbindung und Nutzung von sozialen Netzwerken.\u00a0<\/strong><strong>Bei unserer Kommunikation mit Ihnen beschr\u00e4nken wir uns deshalb auf Post-, Mail- und Telefonverkehr.\u00a0<\/strong><\/p><p>Der Betreiber dieser Website nimmt den Schutz Ihrer pers\u00f6nlichen Daten sehr ernst. Ihre Daten werden vertraulich und entsprechend der gesetzlichen Datenschutzvorschriften behandelt. Verantwortlich f\u00fcr die Datenverarbeitung auf dieser Website, im Sinne des Datenschutzgesetzes, ist folgende Stelle:<\/p><p><strong>Person &amp; Raum<\/strong><\/p><p><strong>Inh.: J\u00fcrgen Hertrampf<\/strong><\/p><p><strong>Kesselsdorfer Str. 8<\/strong><\/p><p><strong>01737 Oberhermsdorf<\/strong><\/p><p><strong>Telefon: 0351 \/ 650 43 49<\/strong><\/p><p><strong>E-Mail:<span style=\"color: #0000ff;\">\u00a0<a style=\"color: #0000ff;\" href=\"mailto:agentur@person-und-raum.de\">agentur@person-und-raum.de<\/a><\/span><\/strong><\/p><p>Bei Fragen zum Datenschutz wie Erhebung, Verarbeitung, Nutzung, bei Ausk\u00fcnften, Berichtigung, Sperrung oder L\u00f6schung Ihrer Daten sowie Widerruf oder Widerspruch gegen bestimmte Datenverwendung schicken Sie uns bitte mittels unseres Kontaktformulars eine Nachricht mit dem Betreff \u201eDatenschutz\u201c.<\/p><p><strong>Erfassung von Daten<\/strong><\/p><p>Zum einen werden Ihre Daten dadurch erhoben, dass Sie uns diese mitteilen (Brief, E-Mail, Telefon). Wenn Sie uns \u00fcber diesen Weg kontaktieren, wird Ihre Anfrage einschlie\u00dflich aller daraus hervorgehenden personenbezogenen Daten f\u00fcr die weitere Bearbeitung Ihrer Anfrage bei uns gespeichert. Diese Daten werden von uns nicht ohne Ihre Einwilligung an Dritte weitergegeben. W\u00e4hrend Sie auf unsere Webseiten zugreifen, erfassen wir automatisch Daten von allgemeiner Natur. Diese Daten (Server-Logfiles) umfassen zum Beispiel die Art ihres Browsers, ihr Betriebssystem, den Domainnamen Ihres Internetanbieters sowie weitere \u00e4hnliche allgemeine Daten. Diese Daten sind absolut personenunabh\u00e4ngig und werden genutzt, um Ihnen die Webseiten korrekt darzustellen und werden bei jeder Nutzung des Internets abgerufen. Die absolut anonymen Daten werden statistisch ausgewertet, um unseren Service f\u00fcr Sie zu verbessern. Sie haben jederzeit das Recht, unentgeltlich Auskunft \u00fcber Ihre von uns gespeicherten Daten zu erhalten sowie das Recht, eine Berichtigung, Sperrung oder L\u00f6schung Ihrer Daten zu verlangen.\u00a0<strong>\u00a0<\/strong><\/p><p><strong>Kontaktformular<\/strong><\/p><p>Wenn Sie uns per Telefon oder \u00fcber unsere Kontaktseite mittels E-Mail kontaktieren, werden die entsprechenden Daten zur Bearbeitung gespeichert. Diese Daten geben wir nicht ohne Ihre Einwilligung weiter. Die Verarbeitung erfolgt auf der Grundlage von Art. 6 Abs. 1 lit. a bis f DSGVO f\u00fcr Ihre Anfrage zur Erf\u00fcllung eines Vertrages oder Durchf\u00fchrung vorvertraglicher Ma\u00dfnahmen sowie auf Ihrer Einwilligung und\/ oder unseren berechtigten Interessen, da wir ein berechtigtes Interesse an der effektiven Bearbeitung der an uns gerichteten Anfragen haben.<\/p><p><strong>Hosting \u2013 Dienstleister<\/strong><\/p><p>Unsere Website wird von B3 IT Systeme GmbH gehostet. Sie erhebt folgende Daten: Browsertyp und Browserversion, das verwendete Betriebssystem, Referrer URL, Uhrzeit der Serveranfrage, IP-Adresse, den Hostnamen des zugreifenden Rechners. Weitere Informationen finden Sie unter www.b3-it.de .\u00a0<\/p><p><strong>Cookies<\/strong><\/p><p>Unsere Webseite verwendet \u201eCookies\u201c. Cookies sind Textdateien, die vom Server einer Webseite auf Ihren Rechner \u00fcbertragen werden. Bestimmte Daten wie IP-Adresse, Browser, Betriebssystem und Internet-Verbindung werden dabei \u00fcbertragen. Cookies starten keine Programme und \u00fcbertragen keine Viren. Die durch Cookies gesammelten Informationen dienen dazu, Ihnen die Navigation zu erleichtern und die Anzeige unserer Webseiten zu optimieren. Daten, die von uns erfasst werden, werden niemals ohne Ihre Einwilligung an Dritte weitergegeben oder mit personenbezogenen Daten verkn\u00fcpft. Die Verwendung von Cookies kann \u00fcber Einstellungen in Ihrem Browser verhindert werden. In den Erl\u00e4uterungen zu Ihrem Internetbrowsers finden Sie Informationen dar\u00fcber, wie man diese Einstellungen ver\u00e4ndern kann. Einzelne Funktionen unserer Website k\u00f6nnen unter Umst\u00e4nden nicht richtig funktionieren, wenn die Verwendung von Cookies deaktiviert ist.<\/p><p><strong>Auskunft, Berichtigung, Sperre, L\u00f6schung und Widerspruch<\/strong><\/p><p>Ihre pers\u00f6nlichen Daten werden nur so lange gespeichert, wie dies absolut notwendig ist, um die angegebenen Dienste zu leisten und es vom Gesetz vorgeschrieben ist. Nach Ablauf dieser Fristen werden die pers\u00f6nlichen Daten der Nutzer regelm\u00e4\u00dfig gel\u00f6scht (ca. 1 Jahr). Sie k\u00f6nnen zu jedem Zeitpunkt Informationen \u00fcber Ihre bei uns gespeicherten Daten erbitten. Diese k\u00f6nnen auch berichtigt, gesperrt oder, sofern die vorgeschriebenen Zeitr\u00e4ume der Datenspeicherung zur Gesch\u00e4ftsabwicklung abgelaufen sind, gel\u00f6scht werden. Die Kontaktdaten zu allen entsprechenden Fragen finden Sie oben unter Verantwortlich f\u00fcr die Datenverarbeitung\u2026 . Gesperrte Daten werden in einer speziellen Sperrdatei zu Kontrollzwecken verwahrt. Wenn die gesetzliche Archivierungsverpflichtung abgelaufen ist, k\u00f6nnen Sie auch die L\u00f6schung der Daten verlangen. Innerhalb der Archivierungsverpflichtung k\u00f6nnen wir Ihre Daten auf Wunsch sperren. \u00c4nderungen oder Widerruf von Einwilligungen k\u00f6nnen durch eine Mitteilung an uns vorgenommen werden. Dies ist auch f\u00fcr zuk\u00fcnftige Aktionen m\u00f6glich.<\/p><p><strong>\u00c4nderung der Datenschutzbestimmungen<\/strong><\/p><p>Unsere Datenschutzerkl\u00e4rung kann in unregelm\u00e4\u00dfigen Abst\u00e4nden angepasst werden, damit sie den aktuellen rechtlichen Anforderungen entspricht oder um \u00c4nderungen unserer Dienstleistungen umzusetzen, z. B. bei der Einf\u00fcgung neuer Angebote. F\u00fcr Ihren n\u00e4chsten Besuch gilt dann automatisch die neue Datenschutzerkl\u00e4rung.<\/p><p>Diese Datenschutzerkl\u00e4rung wurde mittels DATENSCHUTZGENERATOR erstellt und anwaltlich betreut.<\/p>\t\t\t\t\t\t\t\t<\/div>\n\t\t\t\t<\/div>\n\t\t\t\t\t<\/div>\n\t\t\t\t<\/div>\n\t\t<div class=\"elementor-element elementor-element-f5869f4 e-flex e-con-boxed e-con e-parent\" data-id=\"f5869f4\" data-element_type=\"container\" data-e-type=\"container\">\n\t\t\t\t\t<div class=\"e-con-inner\">\n\t\t\t\t<div class=\"elementor-element elementor-element-ab4e602 elementor-widget elementor-widget-text-editor\" data-id=\"ab4e602\" data-element_type=\"widget\" data-e-type=\"widget\" data-widget_type=\"text-editor.default\">\n\t\t\t\t<div class=\"elementor-widget-container\">\n\t\t\t\t\t\t\t\t\t<h4 class=\"entry-title\">Person &amp; Raum \u00a9 2021<\/h4>\t\t\t\t\t\t\t\t<\/div>\n\t\t\t\t<\/div>\n\t\t\t\t\t<\/div>\n\t\t\t\t<\/div>\n\t\t\t\t<\/div>\n\t\t","protected":false},"excerpt":{"rendered":"<p>Agentur Person &amp; Raum Startseite Kontakt AGB Impressum Datenschutzerkl\u00e4rung Ihre Anonymit\u00e4t ist uns wichtig, folglich bem\u00fchen wir uns, Ihre Daten bestm\u00f6glich zu sch\u00fctzen. Aus diesem Grund verzichten wir auf die Anbindung und Nutzung von sozialen Netzwerken.\u00a0Bei unserer Kommunikation mit Ihnen beschr\u00e4nken wir uns deshalb auf Post-, Mail- und Telefonverkehr.\u00a0 Der Betreiber dieser Website nimmt den [&hellip;]<\/p>\n","protected":false},"author":1,"featured_media":0,"parent":0,"menu_order":0,"comment_status":"closed","ping_status":"closed","template":"","meta":{"footnotes":""},"class_list":["post-1006565","page","type-page","status-publish","hentry"],"_links":{"self":[{"href":"https:\/\/dev.person-und-raum.de\/index.php\/wp-json\/wp\/v2\/pages\/1006565","targetHints":{"allow":["GET"]}}],"collection":[{"href":"https:\/\/dev.person-und-raum.de\/index.php\/wp-json\/wp\/v2\/pages"}],"about":[{"href":"https:\/\/dev.person-und-raum.de\/index.php\/wp-json\/wp\/v2\/types\/page"}],"author":[{"embeddable":true,"href":"https:\/\/dev.person-und-raum.de\/index.php\/wp-json\/wp\/v2\/users\/1"}],"replies":[{"embeddable":true,"href":"https:\/\/dev.person-und-raum.de\/index.php\/wp-json\/wp\/v2\/comments?post=1006565"}],"version-history":[{"count":65,"href":"https:\/\/dev.person-und-raum.de\/index.php\/wp-json\/wp\/v2\/pages\/1006565\/revisions"}],"predecessor-version":[{"id":1006771,"href":"https:\/\/dev.person-und-raum.de\/index.php\/wp-json\/wp\/v2\/pages\/1006565\/revisions\/1006771"}],"wp:attachment":[{"href":"https:\/\/dev.person-und-raum.de\/index.php\/wp-json\/wp\/v2\/media?parent=1006565"}],"curies":[{"name":"wp","href":"https:\/\/api.w.org\/{rel}","templated":true}]}}